{"id":52,"date":"2021-07-24T16:59:19","date_gmt":"2021-07-24T14:59:19","guid":{"rendered":"https:\/\/webinter.fr\/blog\/?page_id=52"},"modified":"2021-08-05T07:55:53","modified_gmt":"2021-08-05T05:55:53","slug":"mentions-legales","status":"publish","type":"page","link":"https:\/\/webinter.fr\/blog\/mentions-legales\/","title":{"rendered":"Mentions l\u00e9gales"},"content":{"rendered":"\r\n<p>Ce site internet d\u00e9nomm\u00e9 <strong>Webinter <\/strong>est h\u00e9berg\u00e9 sur les serveurs de :<\/p>\r\n\r\n\r\n\r\n<p><strong>OVH<\/strong><\/p>\r\n\r\n\r\n\r\n<p>SAS au capital de 10 059 500 \u20ac<br \/>RCS Lille M\u00e9tropole 424 761 419 00045<br \/>Code APE 6202A<br \/>N\u00b0 TVA : FR 22 424 761 419<br \/>Si\u00e8ge social : 2 rue Kellermann \u2013 59100 Roubaix \u2013 France.<\/p>\r\n<p>Webinter\/blog est un site Web personnel. ind\u00e9pendant, et sans publicit\u00e9s.<\/p>\r\n\r\n\r\n\r\n<p>&nbsp;<\/p>\r\n","protected":false},"excerpt":{"rendered":"<p>Ce site internet d\u00e9nomm\u00e9 Webinter est h\u00e9berg\u00e9 sur les serveurs de : OVH SAS au capital de 10 059 500 \u20acRCS Lille M\u00e9tropole 424 761 419 00045Code APE 6202AN\u00b0 TVA : FR 22 424 761 419Si\u00e8ge social : 2 rue Kellermann \u2013 59100 Roubaix \u2013 France. Webinter\/blog est un site<span><a href=\"https:\/\/webinter.fr\/blog\/mentions-legales\/\">&#8230;Lire la suite. <\/a><\/span><\/p>\n","protected":false},"author":1,"featured_media":0,"parent":0,"menu_order":0,"comment_status":"closed","ping_status":"closed","template":"","meta":{"footnotes":""},"class_list":["post-52","page","type-page","status-publish","hentry"],"_links":{"self":[{"href":"https:\/\/webinter.fr\/blog\/wp-json\/wp\/v2\/pages\/52","targetHints":{"allow":["GET"]}}],"collection":[{"href":"https:\/\/webinter.fr\/blog\/wp-json\/wp\/v2\/pages"}],"about":[{"href":"https:\/\/webinter.fr\/blog\/wp-json\/wp\/v2\/types\/page"}],"author":[{"embeddable":true,"href":"https:\/\/webinter.fr\/blog\/wp-json\/wp\/v2\/users\/1"}],"replies":[{"embeddable":true,"href":"https:\/\/webinter.fr\/blog\/wp-json\/wp\/v2\/comments?post=52"}],"version-history":[{"count":4,"href":"https:\/\/webinter.fr\/blog\/wp-json\/wp\/v2\/pages\/52\/revisions"}],"predecessor-version":[{"id":92,"href":"https:\/\/webinter.fr\/blog\/wp-json\/wp\/v2\/pages\/52\/revisions\/92"}],"wp:attachment":[{"href":"https:\/\/webinter.fr\/blog\/wp-json\/wp\/v2\/media?parent=52"}],"curies":[{"name":"wp","href":"https:\/\/api.w.org\/{rel}","templated":true}]}}