{"id":85,"date":"2021-08-03T19:38:19","date_gmt":"2021-08-03T17:38:19","guid":{"rendered":"https:\/\/webinter.fr\/blog\/?page_id=85"},"modified":"2021-08-03T19:59:38","modified_gmt":"2021-08-03T17:59:38","slug":"confidentialite-et-cookies","status":"publish","type":"page","link":"https:\/\/webinter.fr\/blog\/confidentialite-et-cookies\/","title":{"rendered":"Confidentialit\u00e9 et cookies"},"content":{"rendered":"<p><strong>Qui sommes-nous\u00a0?<\/strong><\/p>\n<p>L\u2019adresse de notre site est : https:\/\/webinter.fr\/blog.<\/p>\n<p><strong>Commentaires<\/strong><\/p>\n<p>Quand vous laissez un commentaire sur notre site, les donn\u00e9es inscrites dans le formulaire de commentaire, mais aussi votre adresse IP et l\u2019agent utilisateur de votre navigateur sont collect\u00e9s pour nous aider \u00e0 la d\u00e9tection des commentaires ind\u00e9sirables.<\/p>\n<p>Nous avons opt\u00e9 pour des commentaires anonymes sans inscription pr\u00e9alable.<\/p>\n<p><strong>M\u00e9dias<\/strong><\/p>\n<p>Si vous t\u00e9l\u00e9versez des images sur le site, nous vous conseillons d\u2019\u00e9viter de t\u00e9l\u00e9verser des images contenant des donn\u00e9es EXIF de coordonn\u00e9es GPS. Les personnes visitant notre site peuvent t\u00e9l\u00e9charger et extraire des donn\u00e9es de localisation depuis ces images.<\/p>\n<p><strong>Cookies<\/strong><\/p>\n<p>Notre site est sans publicit\u00e9s. Cela limite les possibilit\u00e9s de cookies tiers ind\u00e9sirables.<\/p>\n<p>Si vous vous rendez sur la page de connexion, un cookie temporaire sera cr\u00e9\u00e9 afin de d\u00e9terminer si votre navigateur accepte les cookies. Il ne contient pas de donn\u00e9es personnelles et sera supprim\u00e9 automatiquement \u00e0 la fermeture de votre navigateur.<\/p>\n<p>En modifiant ou en publiant une publication ( commentaire ), un cookie suppl\u00e9mentaire sera enregistr\u00e9 dans votre navigateur. Ce cookie ne comprend aucune donn\u00e9e personnelle. Il indique simplement l\u2019ID de la publication que vous venez de modifier. Il expire au bout d\u2019un jour.<\/p>\n<p><strong>Contenu embarqu\u00e9 depuis d\u2019autres sites<\/strong><\/p>\n<p>Les articles de ce site peuvent inclure des contenus int\u00e9gr\u00e9s (par exemple des vid\u00e9os, images, articles\u2026). Le contenu int\u00e9gr\u00e9 depuis d\u2019autres sites se comporte de la m\u00eame mani\u00e8re que si le visiteur se rendait sur cet autre site.<\/p>\n<p>Ces sites web pourraient collecter des donn\u00e9es sur vous, utiliser des cookies, embarquer des outils de suivis tiers, suivre vos interactions avec ces contenus embarqu\u00e9s si vous disposez d\u2019un compte connect\u00e9 sur leur site web.<\/p>\n<p><strong>Utilisation et transmission de vos donn\u00e9es personnelles<\/strong><\/p>\n<p>Aucune, sauf une adresse IP ( Internet Protocol ) : l&#8217;adresse de votre Fournisseur d&#8217;acc\u00e8s internet lorsque vous \u00eates connect\u00e9 \u00e0 notre site.<\/p>\n<p><strong>Dur\u00e9es de stockage de vos donn\u00e9es<\/strong><\/p>\n<p>Si vous laissez un commentaire, le commentaire et ses m\u00e9tadonn\u00e9es sont conserv\u00e9s ind\u00e9finiment. Cela permet de reconna\u00eetre et approuver automatiquement les commentaires suivants au lieu de les laisser dans la file de mod\u00e9ration. Cependant les commentaires publi\u00e9s sont anonymes, donc aucune donn\u00e9e personnelle n&#8217;est collect\u00e9e.<\/p>\n<p>Les commentaires des visiteurs peuvent \u00eatre v\u00e9rifi\u00e9s \u00e0 l\u2019aide d\u2019un service automatis\u00e9 de d\u00e9tection des commentaires ind\u00e9sirables.<\/p>\n","protected":false},"excerpt":{"rendered":"<p>Qui sommes-nous\u00a0? L\u2019adresse de notre site est : https:\/\/webinter.fr\/blog. Commentaires Quand vous laissez un commentaire sur notre site, les donn\u00e9es inscrites dans le formulaire de commentaire, mais aussi votre adresse IP et l\u2019agent utilisateur de votre navigateur sont collect\u00e9s pour nous aider \u00e0 la d\u00e9tection des commentaires ind\u00e9sirables. Nous avons<span><a href=\"https:\/\/webinter.fr\/blog\/confidentialite-et-cookies\/\">&#8230;Lire la suite. <\/a><\/span><\/p>\n","protected":false},"author":1,"featured_media":0,"parent":0,"menu_order":0,"comment_status":"closed","ping_status":"closed","template":"","meta":{"footnotes":""},"class_list":["post-85","page","type-page","status-publish","hentry"],"_links":{"self":[{"href":"https:\/\/webinter.fr\/blog\/wp-json\/wp\/v2\/pages\/85","targetHints":{"allow":["GET"]}}],"collection":[{"href":"https:\/\/webinter.fr\/blog\/wp-json\/wp\/v2\/pages"}],"about":[{"href":"https:\/\/webinter.fr\/blog\/wp-json\/wp\/v2\/types\/page"}],"author":[{"embeddable":true,"href":"https:\/\/webinter.fr\/blog\/wp-json\/wp\/v2\/users\/1"}],"replies":[{"embeddable":true,"href":"https:\/\/webinter.fr\/blog\/wp-json\/wp\/v2\/comments?post=85"}],"version-history":[{"count":5,"href":"https:\/\/webinter.fr\/blog\/wp-json\/wp\/v2\/pages\/85\/revisions"}],"predecessor-version":[{"id":90,"href":"https:\/\/webinter.fr\/blog\/wp-json\/wp\/v2\/pages\/85\/revisions\/90"}],"wp:attachment":[{"href":"https:\/\/webinter.fr\/blog\/wp-json\/wp\/v2\/media?parent=85"}],"curies":[{"name":"wp","href":"https:\/\/api.w.org\/{rel}","templated":true}]}}